{"id":794,"date":"2016-05-15T13:10:55","date_gmt":"2016-05-15T12:10:55","guid":{"rendered":"https:\/\/hans-hoyer.buffet-multisite.buffet-preprod-02.modulodigital.com\/de\/care-and-maintenance\/"},"modified":"2016-08-08T12:06:10","modified_gmt":"2016-08-08T11:06:10","slug":"pflege-und-wartung","status":"publish","type":"page","link":"https:\/\/hans-hoyer.buffet-multisite.buffet-preprod-02.modulodigital.com\/de\/pflege-und-wartung\/","title":{"rendered":"Pflege &#038;&nbsp;Wartung"},"content":{"rendered":"<h3>Ein Musikinstrument bedarf der regelm\u00e4\u00dfigen Pflege<\/h3>\n<p>Der Zeitbedarf daf\u00fcr ist \u00e4u\u00dferst gering. So erhalten Sie Ihr Instrument f\u00fcr eine m\u00f6glichst lange Zeit und verhindern gr\u00f6\u00dferen Reparaturbedarf. Um Ihnen die Instrumentenpflege zu erleichtern, wird jedes neue Instrument von Hause aus mit einem Zubeh\u00f6rbeutel ausgeliefert, der ein weiches Tuch, eine Dose Zugfett sowie ein genau auf das Instrument abgestimmtes Ventil\u00f6l enth\u00e4lt.<\/p>\n<p>Wir empfehlen Ihr Instrument nur mit den mitgelieferten Produkten zu pflegen. Bitte f\u00fchren Sie niemals auch nur kleinere Reparaturen an Ihrem Instrument selber aus sondern wenden Sie sich in diesem Falle an einen qualifizierten Fachmann.<br \/>\nPflegetipps f\u00fcr Zylinderventile<\/p>\n<p>Spricht ein Zylinderinstrument einmal nicht richtig an, so \u00fcberpr\u00fcfen Sie es zun\u00e4chst auf korrekte Ventilstellung. Diese Stellung ist im Sprengdeckel (sichtbar nach Abschrauben des unteren Schraubendeckels) gekennzeichnet.<br \/>\nBei Nicht\u00fcbereinstimmung der Markierungen sollten Sie zun\u00e4chst die Anschlagkorke anpassen lassen. Ebenso wichtig ist der Wasserklappenkork. Ist die Abdeckung nicht gew\u00e4hrleistet sind verschlechterte Ansprache und Klang die Folge.<\/p>\n<p>Der gute Fachhandel hat derartige Ersatzteile wie Anschlag-, Wasserklappenkork und weitere Kleinteile in der Regel vorr\u00e4tig. Alle \u00e4u\u00dferen beweglichen Teile m\u00fcssen von Zeit zu Zeit ge\u00f6lt werden. Dies ist unbedingt n\u00f6tig um die einwandfreie Funktion des Instruments zu gew\u00e4hrleisten und um es vor Sch\u00e4den durch Verschlei\u00df zu sch\u00fctzen. Bitte \u00f6len Sie w\u00f6chentlich die Laufzapfen oben (unter dem Fl\u00fcgel) und unten (hierzu m\u00fcssen Sie den Schraubdeckel entfernen).<\/p>\n<p>Die 3B-Gelenke sollten einmal im Monat ge\u00f6lt werden. Bet\u00e4tigen Sie hierbei die Ventilhebel einige Male, um das \u00d6l gleichm\u00e4\u00dfig zu verteilen. Durch regelm\u00e4\u00dfiges Spielen des Instrumentes bleibt die Schmierung der Wechsel (beweglicher Kolben im Zylinderventil) ausreichend erhalten. Um ein Festfressen der Wechsel zu vermeiden, sollten diese nur etwas ge\u00f6lt werden, bevor das Instrument l\u00e4nger nicht gespielt wird. Geben Sie in diesem Fall lediglich ein paar Tropfen Perinetventil\u00f6l durch das Mundrohr in die Maschine w\u00e4hrend Sie gleichzeitig die Ventile bet\u00e4tigen. Geben Sie niemals \u00d6l durch die Z\u00fcge in das Ventil, da dies das Zugfett ausw\u00e4scht und somit die Wechsel verkleben kann!<\/p>\n<h3>Umbau der Grundstimmung beim Doppelhorn mit 3B-Gelenken<\/h3>\n<p><iframe loading=\"lazy\" src=\"https:\/\/www.youtube.com\/embed\/DG_NmIsFzxA\" width=\"560\" height=\"315\" frameborder=\"0\" allowfullscreen=\"allowfullscreen\"><\/iframe><\/p>\n<h3>Reinigung des Instrumentes<\/h3>\n<p>Von Anfang an ein ausgezeichneter Schutz f\u00fcr das \u00c4u\u00dfere Ihres Instruments ist die Oberfl\u00e4chenbehandlung, ohne die das Messing \u201eanlaufen\u201c w\u00fcrde. Sie k\u00f6nnen mit dazu beitragen, die Instrumentenoberfl\u00e4che m\u00f6glichst lange im Auslieferungszustand zu erhalten.<\/p>\n<p>Dazu sollten Sie folgende Punkte beachten: Trotz der hohen Widerstandsf\u00e4higkeit unserer Lacke sowie galvanischer Veredelungen (z.B. Versilberung) k\u00f6nnen neben Uhren, Ringen etc. auch diverse Gegenst\u00e4nde an der Bekleidung wie z.B. Kn\u00f6pfe G\u00fcrtelschnallen usw. Kratzer verursachen. Der sch\u00e4digenden Wirkung eventueller Handtranspiration l\u00e4sst sich durch die Pflege mit einem weichen Lappen und ggf. einem speziellen Lackpflegemittel oder einem speziellen Putzmittel f\u00fcr versilberte Oberfl\u00e4chen entgegenwirken. Es empfiehlt sich die Reinigung nach jedem Spielen.<\/p>\n<p>Das gesamte Instrument sollte auch regelm\u00e4\u00dfig einer Innenreinigung unterzogen werden. Hierzu sind besondere Reinigungsb\u00fcrsten oder -d\u00fcsen im Fachhandel erh\u00e4ltlich. Nach deren Verwendung sollte man das Instrument gr\u00fcndlich mit klarem lauwarmem Wasser durchsp\u00fclen. Abschlie\u00dfend erfolgen das \u00d6len der Ventile sowie das Fetten der Z\u00fcge wie bereits beschrieben. Ansonsten sollte dem Instrument nach dem Spielen Zeit zum Trocknen gegeben werden; ein sofortiges Verpacken des noch feuchten Instruments in Koffer oder Gig Bag f\u00f6rdert langfristig die Korrosion.<\/p>\n<p>Es empfiehlt sich die Anschaffung eines Mundst\u00fcckb\u00fcrstchen zur Reinigung, da schon die kleinsten Schmutzreste zu Intonationsproblemen f\u00fchren k\u00f6nnen.<\/p>\n<h3>Waldhornmundst\u00fccke und Mundst\u00fcckaufnahme<\/h3>\n<p>Weltweit gibt es zwei unterschiedliche Mundst\u00fcckaufnahmen. Eine kleinere, meist in den USA verwendete und eine minimal gr\u00f6\u00dfere, sogenannte deutsche Mundst\u00fcckaufnahme. Aus diesem Grund gibt es auch zwei unterschiedliche Mundst\u00fccksch\u00e4fte.<\/p>\n<p>Die Hans Hoyer Waldh\u00f6rner werden standardm\u00e4\u00dfig mit der kleineren Mundst\u00fcckaufnahme und dem dazu passenden Mundst\u00fcck ausgeliefert. Dies hat den Vorteil, dass beide Mundst\u00fcckarten verwendet werden k\u00f6nnen: das bekannte deutsche Mundst\u00fcck sowie das Mundst\u00fcck mit amerikanischem Schaft. Dass das deutsche Mundst\u00fcck ca. 2mm weniger in das Mundrohr gesteckt werden kann, hat normalerweise keinen Einfluss auf das Spielen. In einzelnen F\u00e4llen, abh\u00e4ngig vom verwendeten Mundst\u00fcck und Spieler, kann es zu einer minimal abweichenden Artikulation kommen.<\/p>\n<p>Gerne bieten wir in unserem Hornatelier bei der Wenzel Meinl GmbH in Geretsried an, ihr Mundrohr kostenfrei f\u00fcr ihr Mundst\u00fcck passend auszureiben. Dies kann aber auch leicht von einem Instrumentenbauer in ihrer N\u00e4he ausgef\u00fchrt werden. Der Vorgang dauert nur wenige Minuten, kann aber nat\u00fcrlich nicht r\u00fcckg\u00e4ngig gemacht werden.<\/p>\n","protected":false},"excerpt":{"rendered":"<p>Ein Musikinstrument bedarf der regelm\u00e4\u00dfigen Pflege Der Zeitbedarf daf\u00fcr ist \u00e4u\u00dferst gering. So erhalten Sie Ihr Instrument f\u00fcr eine m\u00f6glichst lange Zeit und verhindern gr\u00f6\u00dferen Reparaturbedarf. Um Ihnen die Instrumentenpflege zu erleichtern, wird jedes neue Instrument von Hause aus mit einem Zubeh\u00f6rbeutel ausgeliefert, der ein weiches Tuch, eine Dose Zugfett sowie ein genau auf das [&hellip;]<\/p>\n","protected":false},"author":12,"featured_media":0,"parent":0,"menu_order":0,"comment_status":"closed","ping_status":"closed","template":"","meta":{"_acf_changed":false,"_relevanssi_hide_post":"","_relevanssi_pin_for_all":"","_relevanssi_pin_keywords":"","_relevanssi_unpin_keywords":"","_relevanssi_related_keywords":"","_relevanssi_related_include_ids":"","_relevanssi_related_exclude_ids":"","_relevanssi_related_no_append":"","_relevanssi_related_not_related":"","_relevanssi_related_posts":"","_relevanssi_noindex_reason":"","footnotes":""},"class_list":["post-794","page","type-page","status-publish","hentry"],"acf":[],"_links":{"self":[{"href":"https:\/\/hans-hoyer.buffet-multisite.buffet-preprod-02.modulodigital.com\/de\/wp-json\/wp\/v2\/pages\/794","targetHints":{"allow":["GET"]}}],"collection":[{"href":"https:\/\/hans-hoyer.buffet-multisite.buffet-preprod-02.modulodigital.com\/de\/wp-json\/wp\/v2\/pages"}],"about":[{"href":"https:\/\/hans-hoyer.buffet-multisite.buffet-preprod-02.modulodigital.com\/de\/wp-json\/wp\/v2\/types\/page"}],"author":[{"embeddable":true,"href":"https:\/\/hans-hoyer.buffet-multisite.buffet-preprod-02.modulodigital.com\/de\/wp-json\/wp\/v2\/users\/12"}],"replies":[{"embeddable":true,"href":"https:\/\/hans-hoyer.buffet-multisite.buffet-preprod-02.modulodigital.com\/de\/wp-json\/wp\/v2\/comments?post=794"}],"version-history":[{"count":3,"href":"https:\/\/hans-hoyer.buffet-multisite.buffet-preprod-02.modulodigital.com\/de\/wp-json\/wp\/v2\/pages\/794\/revisions"}],"predecessor-version":[{"id":857,"href":"https:\/\/hans-hoyer.buffet-multisite.buffet-preprod-02.modulodigital.com\/de\/wp-json\/wp\/v2\/pages\/794\/revisions\/857"}],"wp:attachment":[{"href":"https:\/\/hans-hoyer.buffet-multisite.buffet-preprod-02.modulodigital.com\/de\/wp-json\/wp\/v2\/media?parent=794"}],"curies":[{"name":"wp","href":"https:\/\/api.w.org\/{rel}","templated":true}]}}